{"id":25229,"date":"2023-06-22T16:32:10","date_gmt":"2023-06-22T16:32:10","guid":{"rendered":"https:\/\/canetavermelha.pt\/?page_id=25229"},"modified":"2023-08-02T18:23:11","modified_gmt":"2023-08-02T18:23:11","slug":"home","status":"publish","type":"page","link":"https:\/\/canetavermelha.pt\/","title":{"rendered":"Home"},"content":{"rendered":"<section class=\"bde-section-25229-100 bde-section\">\n  \n\t\n\n\n\n<div class=\"section-container\"><div class=\"bde-columns-25229-102 bde-columns\"><div class=\"bde-column-25229-103 bde-column\">\n  \n\t\n\n\n\n<h1 class=\"bde-dual-heading-25229-107 bde-dual-heading\">\n\n\n            <span data-style=\"primary\" class=\"dual-heading--primary  \">Somos<\/span>\n\n            <span data-style=\"secondary\" class=\"dual-heading--secondary  \">Contabilistas Certificados<\/span>\n\n\n\n<\/h1><div class=\"bde-text-25229-108 bde-text\">\nPela OCC e estamos no mercado desde 1997\n<\/div><div class=\"bde-button-25229-109 bde-button\">\n    \n                                    \n    \n    \n    \n    \n            \n                    \n            \n            \n\n    \n    \n    \n    \n    <a class=\"breakdance-link button-atom button-atom--primary bde-button__button\" href=\"https:\/\/canetavermelha.pt\/?page_id=25226\" target=\"_self\" data-type=\"url\"  >\n\n    \n        <span class=\"button-atom__text\">Contate-nos<\/span>\n\n        \n        \n                <\/a>\n\n    \n\n\n<\/div><div class=\"bde-div-25229-110 bde-div\">\n  \n\t\n\n\n\n<div class=\"bde-icon-box-25229-111 bde-icon-box\">\n\n    \n            <div class=\"ee-iconbox-icon breakdance-icon-atom\" >\n    \n                    <svg xmlns=\"http:\/\/www.w3.org\/2000\/svg\" width=\"22\" height=\"22\" viewBox=\"0 0 22 22\" fill=\"none\">\n<g clip-path=\"url(#clip0_3_523)\">\n<path d=\"M20.1667 15.51V18.26C20.1677 18.5153 20.1154 18.768 20.0132 19.0019C19.9109 19.2358 19.7609 19.4458 19.5728 19.6184C19.3846 19.791 19.1625 19.9224 18.9207 20.0042C18.6789 20.0859 18.4226 20.1163 18.1684 20.0933C15.3476 19.7868 12.6381 18.823 10.2575 17.2792C8.0427 15.8718 6.16491 13.994 4.75752 11.7792C3.20833 9.38778 2.24424 6.66509 1.94335 3.83167C1.92045 3.57819 1.95057 3.3227 2.03181 3.0815C2.11305 2.84029 2.24363 2.61864 2.41522 2.43066C2.58682 2.24268 2.79567 2.09249 3.0285 1.98965C3.26132 1.88681 3.513 1.83358 3.76752 1.83334H6.51752C6.96238 1.82896 7.39366 1.9865 7.73097 2.27658C8.06827 2.56666 8.28859 2.9695 8.35085 3.41001C8.46692 4.29007 8.68218 5.15417 8.99252 5.98584C9.11585 6.31394 9.14254 6.67051 9.06943 7.01331C8.99633 7.35612 8.82648 7.67078 8.58002 7.92001L7.41585 9.08417C8.72078 11.3791 10.6209 13.2792 12.9159 14.5842L14.08 13.42C14.3293 13.1736 14.6439 13.0037 14.9867 12.9306C15.3295 12.8575 15.6861 12.8842 16.0142 13.0075C16.8459 13.3178 17.71 13.5331 18.59 13.6492C19.0353 13.712 19.442 13.9363 19.7327 14.2794C20.0234 14.6225 20.1778 15.0605 20.1667 15.51Z\" fill=\"#01CFC9\" stroke=\"#0F2650\" stroke-width=\"2\" stroke-linecap=\"round\" stroke-linejoin=\"round\"\/>\n<\/g>\n<defs>\n<clipPath id=\"clip0_3_523\">\n<rect width=\"22\" height=\"22\" fill=\"white\"\/>\n<\/clipPath>\n<\/defs>\n<\/svg>\n        \n        \n        \n            <\/div>\n    \n\n<div class=\"ee-iconbox-content\">\n      <h3 class=\"ee-iconbox-title\" >Telefone<\/h3>\n        <div class=\"ee-iconbox-text\" >+351 212 076 835<\/div>\n    <\/div>\n\n<\/div><div class=\"bde-icon-box-25229-112 bde-icon-box\">\n\n    \n            <div class=\"ee-iconbox-icon breakdance-icon-atom\" >\n    \n                    <svg xmlns=\"http:\/\/www.w3.org\/2000\/svg\" width=\"22\" height=\"29\" viewBox=\"0 0 22 29\" fill=\"none\">\n<path d=\"M21 12.0455C21 20.6364 11 28 11 28C11 28 1 20.6364 1 12.0455C1 9.11602 2.05357 6.30656 3.92893 4.23514C5.8043 2.16371 8.34784 1 11 1C13.6522 1 16.1957 2.16371 18.0711 4.23514C19.9464 6.30656 21 9.11602 21 12.0455Z\" fill=\"#01CFC9\" stroke=\"#0F2650\" stroke-width=\"2\" stroke-linecap=\"round\" stroke-linejoin=\"round\"\/>\n<path d=\"M11 15C12.6569 15 14 13.433 14 11.5C14 9.567 12.6569 8 11 8C9.34315 8 8 9.567 8 11.5C8 13.433 9.34315 15 11 15Z\" fill=\"#0F2650\" stroke=\"#0F2650\" stroke-width=\"2\" stroke-linecap=\"round\" stroke-linejoin=\"round\"\/>\n<\/svg>\n        \n        \n        \n            <\/div>\n    \n\n<div class=\"ee-iconbox-content\">\n      <h3 class=\"ee-iconbox-title\" >Morada<\/h3>\n        <div class=\"ee-iconbox-text\" >Rua Joaquim da Silva Simpl\u00edcio, Loja 6B, 2830-347 Barreiro<\/div>\n    <\/div>\n\n<\/div>\n<\/div>\n<\/div><div class=\"bde-column-25229-104 bde-column\">\n  \n\t\n\n\n\n<div class=\"bde-image-25229-105 bde-image\">\n  \n\n\n\n\n\n<figure class=\"breakdance-image breakdance-image--25236\">\n\t<div class=\"breakdance-image-container\">\n\t\t<div class=\"breakdance-image-clip\">\n\t\t\t\n\t\t\t\t\n\t\t\t\t\t      \n  \n  \n  \n  \n      \n      <img loading=\"lazy\" decoding=\"async\"\n      class=\"breakdance-image-object\"\n      src=\"https:\/\/canetavermelha.pt\/wp-content\/uploads\/2023\/06\/cv1.jpg\"\n      width=\"600\"\n      height=\"600\"\n      \n      \n                                    srcset=\"https:\/\/canetavermelha.pt\/wp-content\/uploads\/2023\/06\/cv1.jpg 600w, https:\/\/canetavermelha.pt\/wp-content\/uploads\/2023\/06\/cv1-300x300.jpg 300w, https:\/\/canetavermelha.pt\/wp-content\/uploads\/2023\/06\/cv1-150x150.jpg 150w\"\n                                                                      >\n  \n\n\t\t\t\t\t\n\t\t\t\t\t\t<\/div>\n\t<\/div>\n\n\t<\/figure>\n\n<\/div>\n<\/div><\/div><\/div>\n<\/section><section class=\"bde-section-25229-101 bde-section\">\n  \n\t\n\n\n\n<div class=\"section-container\"><div class=\"bde-text-25229-114 bde-text\">\nComo o podemos ajudar?\n<\/div><div class=\"bde-post-loop-25229-118 bde-post-loop\">\n<div class=\"ee-posts ee-posts-grid\"><\/div>\n\n<\/div><div class=\"bde-columns-25229-182 bde-columns\"><div class=\"bde-column-25229-183 bde-column\">\n  \n\t\n\n\n\n<div class=\"bde-icon-box-25229-181 bde-icon-box\">\n\n    \n            <div class=\"ee-iconbox-icon breakdance-icon-atom\" >\n    \n                    <svg xmlns=\"http:\/\/www.w3.org\/2000\/svg\" viewBox=\"0 0 576 512\"><!-- Font Awesome Free 5.15.1 by @fontawesome - https:\/\/fontawesome.com License - https:\/\/fontawesome.com\/license\/free (Icons: CC BY 4.0, Fonts: SIL OFL 1.1, Code: MIT License) --><path d=\"M542.22 32.05c-54.8 3.11-163.72 14.43-230.96 55.59-4.64 2.84-7.27 7.89-7.27 13.17v363.87c0 11.55 12.63 18.85 23.28 13.49 69.18-34.82 169.23-44.32 218.7-46.92 16.89-.89 30.02-14.43 30.02-30.66V62.75c.01-17.71-15.35-31.74-33.77-30.7zM264.73 87.64C197.5 46.48 88.58 35.17 33.78 32.05 15.36 31.01 0 45.04 0 62.75V400.6c0 16.24 13.13 29.78 30.02 30.66 49.49 2.6 149.59 12.11 218.77 46.95 10.62 5.35 23.21-1.94 23.21-13.46V100.63c0-5.29-2.62-10.14-7.27-12.99z\"\/><\/svg>\n        \n        \n        \n            <\/div>\n    \n\n<div class=\"ee-iconbox-content\">\n      <h3 class=\"ee-iconbox-title\" >Declara\u00e7\u00f5es Fiscais<\/h3>\n      <\/div>\n\n<\/div>\n<\/div><div class=\"bde-column-25229-184 bde-column\">\n  \n\t\n\n\n\n<div class=\"bde-icon-box-25229-186 bde-icon-box\">\n\n    \n            <div class=\"ee-iconbox-icon breakdance-icon-atom\" >\n    \n                    <svg xmlns=\"http:\/\/www.w3.org\/2000\/svg\" id=\"icon-bubble\" viewBox=\"0 0 32 32\">\n<path d=\"M16 2c8.837 0 16 5.82 16 13s-7.163 13-16 13c-0.849 0-1.682-0.054-2.495-0.158-3.437 3.437-7.539 4.053-11.505 4.144v-0.841c2.142-1.049 4-2.961 4-5.145 0-0.305-0.024-0.604-0.068-0.897-3.619-2.383-5.932-6.024-5.932-10.103 0-7.18 7.163-13 16-13z\"\/>\n<\/svg>\n        \n        \n        \n            <\/div>\n    \n\n<div class=\"ee-iconbox-content\">\n      <h3 class=\"ee-iconbox-title\" >Conselhos<\/h3>\n      <\/div>\n\n<\/div>\n<\/div><div class=\"bde-column-25229-185 bde-column\">\n  \n\t\n\n\n\n<div class=\"bde-icon-box-25229-187 bde-icon-box\">\n\n    \n            <div class=\"ee-iconbox-icon breakdance-icon-atom\" >\n    \n                    <svg xmlns=\"http:\/\/www.w3.org\/2000\/svg\" viewBox=\"0 0 640 512\"><!-- Font Awesome Free 5.15.1 by @fontawesome - https:\/\/fontawesome.com License - https:\/\/fontawesome.com\/license\/free (Icons: CC BY 4.0, Fonts: SIL OFL 1.1, Code: MIT License) --><path d=\"M384 320H256c-17.67 0-32 14.33-32 32v128c0 17.67 14.33 32 32 32h128c17.67 0 32-14.33 32-32V352c0-17.67-14.33-32-32-32zM192 32c0-17.67-14.33-32-32-32H32C14.33 0 0 14.33 0 32v128c0 17.67 14.33 32 32 32h95.72l73.16 128.04C211.98 300.98 232.4 288 256 288h.28L192 175.51V128h224V64H192V32zM608 0H480c-17.67 0-32 14.33-32 32v128c0 17.67 14.33 32 32 32h128c17.67 0 32-14.33 32-32V32c0-17.67-14.33-32-32-32z\"\/><\/svg>\n        \n        \n        \n            <\/div>\n    \n\n<div class=\"ee-iconbox-content\">\n      <h3 class=\"ee-iconbox-title\" >Projetos<\/h3>\n      <\/div>\n\n<\/div>\n<\/div><\/div><div class=\"bde-div-25229-188 bde-div\">\n  \n\t\n\n\n\n<div class=\"bde-div-25229-189 bde-div\">\n  \n\t\n\n\n\n<div class=\"bde-fancy-divider-25229-193 bde-fancy-divider\">\n\n\n<div class=\"bde-fancy-divider__wrapper\">\n  <div class=\"bde-fancy-divider__separator   \">\n  \t  <\/div>\n<\/div>\n\n<\/div>\n<\/div>\n<\/div><div class=\"bde-columns-25229-119 bde-columns\"><div class=\"bde-column-25229-120 bde-column\">\n  \n\t\n\n\n\n<div class=\"bde-text-25229-123 bde-text\">\nSobre N\u00f3s\n<\/div><h3 class=\"bde-heading-25229-124 bde-heading\">\nPorque somos Diferentes?<div><br><\/div><div>Flex\u00edvel. \u00e0 dist\u00e2ncia e em Pessoa.<\/div>\n<\/h3><div class=\"bde-text-25229-125 bde-text\">\nEstamos dispon\u00edveis para si atrav\u00e9s do nosso site, por email, por telefone ou em pessoa. <br><br>Disponibilizamos uma \u00e1rea privada a cada um dos nossos clientes que inclui uma s\u00e9rie de elementos importantes e que lhe permitem interagir connosco sem sair da sua casa ou do seu neg\u00f3cio.<br> <br>Alternativamente, estamos sempre dispon\u00edveis para o receber ou deslocarmo-nos \u00e0s suas instala\u00e7\u00f5es para uma reuni\u00e3o. <br><br>Voc\u00ea escolhe como nos quer contatar. \n<\/div>\n<\/div><div class=\"bde-column-25229-121 bde-column\">\n  \n\t\n\n\n\n<div class=\"bde-image-25229-122 bde-image\">\n  \n\n\n\n\n\n<figure class=\"breakdance-image breakdance-image--25234\">\n\t<div class=\"breakdance-image-container\">\n\t\t<div class=\"breakdance-image-clip\">\n\t\t\t\n\t\t\t\t\n\t\t\t\t\t      \n  \n  \n  \n  \n      \n      <img loading=\"lazy\" decoding=\"async\"\n      class=\"breakdance-image-object\"\n      src=\"https:\/\/canetavermelha.pt\/wp-content\/uploads\/2023\/06\/contatos.jpg\"\n      width=\"300\"\n      height=\"300\"\n      \n      \n                                    srcset=\"https:\/\/canetavermelha.pt\/wp-content\/uploads\/2023\/06\/contatos.jpg 300w, https:\/\/canetavermelha.pt\/wp-content\/uploads\/2023\/06\/contatos-150x150.jpg 150w\"\n                                                                      >\n  \n\n\t\t\t\t\t\n\t\t\t\t\t\t<\/div>\n\t<\/div>\n\n\t<\/figure>\n\n<\/div>\n<\/div><\/div><\/div>\n<\/section>","protected":false},"excerpt":{"rendered":"<p>Somos Contabilistas Certificados Pela OCC e estamos no mercado desde 1997 Contate-nos Telefone +351 212 076 835 Morada Rua Joaquim da Silva Simpl\u00edcio, Loja 6B, 2830-347 Barreiro Como o podemos ajudar? Declara\u00e7\u00f5es Fiscais Conselhos Projetos Sobre N\u00f3s Porque somos Diferentes?Flex\u00edvel. \u00e0 dist\u00e2ncia e em Pessoa. Estamos dispon\u00edveis para si atrav\u00e9s do nosso site, por email, [&hellip;]<\/p>\n","protected":false},"author":1,"featured_media":0,"parent":0,"menu_order":0,"comment_status":"closed","ping_status":"closed","template":"","meta":{"footnotes":"","_breakdance_hide_in_design_set":false,"_breakdance_tags":""},"_links":{"self":[{"href":"https:\/\/canetavermelha.pt\/index.php?rest_route=\/wp\/v2\/pages\/25229"}],"collection":[{"href":"https:\/\/canetavermelha.pt\/index.php?rest_route=\/wp\/v2\/pages"}],"about":[{"href":"https:\/\/canetavermelha.pt\/index.php?rest_route=\/wp\/v2\/types\/page"}],"author":[{"embeddable":true,"href":"https:\/\/canetavermelha.pt\/index.php?rest_route=\/wp\/v2\/users\/1"}],"replies":[{"embeddable":true,"href":"https:\/\/canetavermelha.pt\/index.php?rest_route=%2Fwp%2Fv2%2Fcomments&post=25229"}],"version-history":[{"count":5,"href":"https:\/\/canetavermelha.pt\/index.php?rest_route=\/wp\/v2\/pages\/25229\/revisions"}],"predecessor-version":[{"id":25255,"href":"https:\/\/canetavermelha.pt\/index.php?rest_route=\/wp\/v2\/pages\/25229\/revisions\/25255"}],"wp:attachment":[{"href":"https:\/\/canetavermelha.pt\/index.php?rest_route=%2Fwp%2Fv2%2Fmedia&parent=25229"}],"curies":[{"name":"wp","href":"https:\/\/api.w.org\/{rel}","templated":true}]}}